{"id":2116,"date":"2026-03-31T09:29:37","date_gmt":"2026-03-31T07:29:37","guid":{"rendered":"https:\/\/stagebaeder.stw.at\/?page_id=2116"},"modified":"2026-03-31T09:48:19","modified_gmt":"2026-03-31T07:48:19","slug":"allgemeine-geschaftsbedingungen-agballgemeine","status":"publish","type":"page","link":"https:\/\/baeder.stw.at\/en\/allgemeine-geschaftsbedingungen-agballgemeine\/","title":{"rendered":"Allgemeine Gesch\u00e4ftsbedingungen (AGB)"},"content":{"rendered":"<div id=\"ep-block-spacer-block_d55277237f4ac734af5ef0f0db37e049\" class=\"ep-block-spacer ep-block \">\n            <div  class=\"show-frontend gbg-white py-0!\">\n                        <style>\n                #ep-spacer-gvIOo {\n                    height: 100px;\n                }\n\n                @media (max-width: 767px) {\n                    #ep-spacer-gvIOo {\n                        height: 40px;\n                    }\n                }\n\n                @media (min-width: 768px) and (max-width: 1023px) {\n                    #ep-spacer-gvIOo {\n                        height: 60px;\n                    }\n                }\n            <\/style>\n            <div id=\"ep-spacer-gvIOo\"><\/div>\n        <\/div>\n    <\/div>\n\n\n<div id=\"ep-wysiwyg-block_d1d8008d06d1f0fe7c5eeab5d3192666\" class=\"ep-wysiwyg ep-block \">\n                        <div class=\"show-frontend gbg-white\">\n                <div class=\"ep-inner\">\n                    <div class=\"text  ep-wysiwyg-styles\"><div id=\"ep-wysiwyg-block_a9c608d9ff3ff798ed279adf600dbade\" class=\"ep-wysiwyg ep-block \">\n<div class=\"show-frontend gbg-white\">\n<div class=\"ep-inner\">\n<div class=\"text ep-wysiwyg-styles\">\n<h2>Allgemeine Gesch\u00e4ftsbedingungen (AGB)<\/h2>\n<p><strong>f\u00fcr die zeitlich begrenzte und \u00f6rtlich festgelegte \u00dcberlassung von Umkleideobjekten und die Ausstellung von Saisonkarten in den Strandb\u00e4dern der Stadtwerke Klagenfurt AG<\/strong><\/p>\n<p><strong>1. Allgemein<\/strong><br \/>\n1.1 F\u00fcr die \u00dcberlassung von Umkleideobjekten sowie die Ausstellung und Nutzung von Saisonkarten, gelten die vorliegenden AGB und &#8211; sofern ein Erwerb im STW Webshop get\u00e4tigt worden ist, &#8211; auch die AGB des Webshops.<br \/>\n1.2 F\u00fcr die zeitlich begrenzte \u00dcberlassung eines Umkleideobjektes ist zuvor ein Ansuchen an die Stadtwerke Klagenfurt AG (kurz: STW AG) zu richten. Das Ansuchen erfolgt \u00fcber ein standardisiertes Formular.<br \/>\n1.3 Aus organisatorischen Gr\u00fcnden k\u00f6nnen nur jene Ansuchen ber\u00fccksichtigt werden, die rechtzeitig, sp\u00e4testens jedoch bis zu einem von der STW AG j\u00e4hrlich festgesetzten Termin, an den von den Stadtwerken vorgegebenen Verkaufsstellen, abgegeben werden.<br \/>\n1.4 Ein rechtzeitiges und ordnungsgem\u00e4\u00df abgegebenes Ansuchen verpflichtet die STW AG nicht, ein Umkleideobjekt zuzuweisen. Vielmehr behaltet sich die STW AG das Recht vor, Umkleideobjekte ohne Begr\u00fcndung nicht oder anderw\u00e4rtig zu vergeben.<br \/>\n1.5 Bei Erreichung der maximalen Besucherzahl kann es in einzelnen B\u00e4dern zu Einschr\u00e4nkungen bzw. Wartezeiten beim Einlass kommen.<\/p>\n<p><strong>2. Umkleideobjekt, Vertragspartner, Preise und Badeordnung<\/strong><br \/>\n2.1 Der Kunde\/die Kundin kennt die Lichtverh\u00e4ltnisse des Umkleideobjektes aus eigener Wahrnehmung. Wir weisen ausdr\u00fccklich darauf hin, dass, abh\u00e4ngig von Tageszeit, Sonnenstand und Wetterlage, fallweise der subjektive Eindruck unzul\u00e4nglicher Beleuchtung entstehen kann. Der Kunde\/die Kundin stimmt zu und nimmt zur Kenntnis, dass die Zug\u00e4nge und das Objekt selbst ohne k\u00fcnstliche Beleuchtung vergeben werden.<br \/>\n2.2 Die Ben\u00fctzung des Bades\/der B\u00e4der, einschlie\u00dflich aller Einrichtungen und Anlagen, kann im Bedarfsfall (aus betrieblichen, sportlichen oder sonstigen Gr\u00fcnden) ganz oder teilweise eingeschr\u00e4nkt werden. In diesem Fall hat der Kunde\/die Kundin keinen wie auch immer gearteten Anspruch auf Abschlag oder R\u00fcckerstattung von bereits geleisteten oder noch zu leistenden Zahlungen.<br \/>\n2.3 Die Badeordnung ist im Internet ver\u00f6ffentlicht, im jeweiligen Kassen-\/ Eingangsbereich der Strandb\u00e4der ersichtlich und unbedingt einzuhalten.<br \/>\n2.4. Die Dauer der Badesaison kann aufgrund der Wetterbedingungen oder allf\u00e4lliger anderer Gr\u00fcnde variieren. Wie auch immer geartete R\u00fccktrittsrechte wie auch R\u00fcckerstattungsanspr\u00fcche f\u00fcr den Kunden\/die Kundin im Hinblick auf ein bereits bezahltes Saisonobjekt oder eine bereits bezahlte Saisonkarte k\u00f6nnen hieraus nicht resultieren.<br \/>\n2.5 Die STW AG ist berechtigt, die Vereinbarung \u00fcber die \u00dcberlassung des Umkleideobjektes aus wichtigem Grund unverz\u00fcglich aufzul\u00f6sen und den k\u00fcnftigen Zutritt zum Strandbad zu verweigern, sofern der Nutzer\/die Nutzerin des Umkleideobjektes davon oder von anderen Einrichtungen des Strandbads einen erheblich nachteiligen Gebrauch macht oder er\/sie sich r\u00fccksichtslos, anst\u00f6\u00dfig oder sonst grob ungeh\u00f6rig anderen Badeg\u00e4sten gegen\u00fcber verh\u00e4lt oder sich gegen\u00fcber anderen Badeg\u00e4sten oder Mitarbeitern\/Mitarbeiterinnen der STW AG einer mit Strafe bedrohten Handlung gegen das Eigentum, die Sittlichkeit oder die k\u00f6rperliche Sicherheit schuldig macht, sofern es sich nicht um F\u00e4lle handelt, die nach den Umst\u00e4nden als geringf\u00fcgig zu bezeichnen sind. Diese Regelung gilt sinngem\u00e4\u00df auch f\u00fcr Personen, welche im Zusammenhang mit der Zuweisung des Umkleideobjektes Saisonbadekarten erhalten haben.<br \/>\n2.6 F\u00fcr Geld und Wertsachen, die nicht in Schlie\u00dff\u00e4chern untergebracht sind, haftet die STW AG nicht. Das Umkleideobjekt ist bei Schlie\u00dfung des Bades zu Saisonende zu r\u00e4umen, zu reinigen und unversperrt zu hinterlassen.<br \/>\n2.7 Als Nutzer\/Nutzerin des Umkleideobjektes gilt jene Person, die mit der STW AG eine Objekt\u00fcberlassung vereinbart hat. Diese Person verpflichtet sich, den f\u00fcr das Umkleideobjekt vorgeschriebenen Gesamtbetrag, der auch eine gewisse Zahl an Zutrittsberechtigungen beinhaltet, unverz\u00fcglich zu bezahlen. Die in diesem Gesamtbetrag inkludierten Zutrittsberechtigungen, k\u00f6nnen nach erfolgreicher Aktivierung weder ge\u00e4ndert noch r\u00fcckerstattet werden.<br \/>\n2.8 Die aktuellen Preise gelten jeweils f\u00fcr den Zeitraum einer Saison und werden im Internet auf der Homepage der STW AG (derzeit: www.stw.at) und auf Preisbl\u00e4ttern ver\u00f6ffentlicht.<br \/>\n2.9 Der Vertrag \u00fcber die \u00dcberlassung von Umkleideobjekten ist ein zeitlich auf die Dauer der jeweiligen Sommersaison befristeter Vertrag, der ordentlich nicht gek\u00fcndigt werden kann. Die Vertragsparteien sind allerdings berechtigt, den Vertrag \u00fcber die \u00dcberlassung von Umkleideobjekten aus wichtigen Gr\u00fcnden, die in der Person des jeweils anderen Vertragspartners liegen (davon erfasst sind also insbesondere nicht Naturereignisse, wie beispielsweise Schlechtwetterlage oder \u00c4hnliches), jederzeit ohne Einhaltung einer K\u00fcndigungsfrist aufzul\u00f6sen.<\/p>\n<p><strong>3. Kundenkarte<\/strong><br \/>\n3.1 Die STW-Kundenkarte kann mit Leistungsguthaben und Berechtigungen aus dem Angebots- und Dienstleistungsspektrum der STW Gruppe (z. B. B\u00e4der, E-Mobilit\u00e4t, etc.) aufgeladen werden. So wird auch der Leistungs-\/Berechtigungsumfang einer \u201eSaisonbadekarte\u201c auf die STW-Kundenkarte geladen.<br \/>\n3.2 Die STW-Kundenkarte ist personalisiert und mit dem Lichtbild des Inhabers\/der Inhaberin versehen. Die darauf gespeicherten Leistungsguthaben berechtigen ausschlie\u00dflich nur den Inhaber\/die Inhaberin, diese in Anspruch zu nehmen. Daher kann die STW-Kundenkarte weder weitergegeben noch auf eine andere Person \u00fcbertragen werden. Bei missbr\u00e4uchlicher Verwendung der Kundenkarte (falscher Tarif, Weitergabe der Saisonkarte, &#8230;) wird ein pauschalierter Schadenersatz in H\u00f6he von \u20ac 100,00 verrechnet.<br \/>\n3.3 Die erstmalige Ausstellung der Kundenkarte ist kostenpflichtig. Auf bereits ausgestellten Kundenkarten werden lediglich die f\u00fcr die Saison ma\u00dfgeblichen Leistungen gebucht und es werden keine zus\u00e4tzlichen Kosten verrechnet.<br \/>\n3.4 Die Kosten f\u00fcr die einmalige Ausstellung der Kundenkarte sowie der Tarif bzw. Preis f\u00fcr den Saisoneintritt sind zu entrichten und von der Benutzung der Karte unabh\u00e4ngig. Eine wie auch immer geartete R\u00fcckzahlung wegen Nichtben\u00fctzung der Karte ist ausgeschlossen.<br \/>\n3.5 Beim Kauf der Saisonkarte unter Verwendung der Kundenkarte bzw. bei der Zahlung der saisonalen Nutzung des Umkleideobjektes hat der Kunde\/die Kundin s\u00e4mtliche erforderlichen Erm\u00e4\u00dfigungsbescheinigungen nachzuweisen. Ein Nachreichen dieser, sowie eine nachtr\u00e4gliche Refundierung des Erm\u00e4\u00dfigungsbetrages sind nach Ausstellung der Kundenkarte bzw. nach geleisteter Zahlung f\u00fcr das Umkleideobjekt oder die Saisonkarte unter Verwendung der Kundenkarte nicht mehr m\u00f6glich. Die STW ist berechtigt geltend gemachte Erm\u00e4\u00dfigungen (z.B. die K\u00e4rntner Familienkarte, Behindertenausweis, &#8230;) nachzupr\u00fcfen. Bei missbr\u00e4uchlicher Beanspruchung der Rabatte werden die Zutrittsberechtigungen gesperrt und ein pauschalierter Schadenersatz von \u20ac 100,00 pro Karte verrechnet. Doppelrabatte (Familienrabatt und Behindertenrabatt) sind nicht m\u00f6glich.<\/p>\n<p><strong>4. Verlust und G\u00fcltigkeit von Kundenkarten\/Saisonkarten<\/strong><br \/>\n4.1 Um Missbrauch zu verhindern, werden verloren gegangene Kundenkarten gesperrt und gegen Kostenersatz neu ausgestellt. F\u00fcr widerrechtlich abhandengekommene Kundenkarten (Stichwort: Diebstahl) haltet sich die STW AG schad- und klaglos. Wie auch immer geartete Ersatzanspr\u00fcche k\u00f6nnen nicht geltend gemacht werden.<br \/>\n4.2 Die Saisonkarte gilt f\u00fcr die Dauer der jeweiligen Sommersaison, von der \u00d6ffnung bis zur Schlie\u00dfung des jeweiligen Strandbades.<br \/>\n4.3 Bereits ausgestellte STW-Kundenkarten sind mit dem Ansuchen f\u00fcr ein Umkleideobjekt an der Kasse im Strandbad Klagenfurt abzugeben. Die auf den Kundenkarten aufgebrachten Lichtbilder m\u00fcssen dem aktuellen Aussehen des STW-Karteninhabers entsprechen. Ist dies nicht der Fall, muss die STW-Kundenkarte gegen Bezahlung neu ausgestellt werden. Hingegen k\u00f6nnen bereits verwendete STW-Kundenkarten jedes Mal aufs Neue mit einer Saisonbadekarten-Berechtigung aufgeladen werden.<br \/>\n4.4 F\u00fcr die Ausstellung einer neuen STW-Kundenkarte ist pro Person ein aktuelles Lichtbild erforderlich.<br \/>\n4.5 Sollte ein Kunde\/eine Kundin durch wie auch immer geartete pers\u00f6nliche oder berufliche Gr\u00fcnde an der Ben\u00fctzung der STW-B\u00e4der sowie der Umkleideobjekte gehindert sein, so resultiert aus diesem Umstand kein R\u00fcckforderungsrecht. Die Saisonkarte und die Umkleideobjekte k\u00f6nnen, aus welchen Gr\u00fcnden auch immer, nicht ruhend gestellt werden.<\/p>\n<p><strong>5. Digitale Saisonkarte<\/strong><br \/>\n5.1. Digitale Saisonkarten, die \u00fcber den STW Webshop (www.stw.at\/webshop) verkauft und erworben werden, sind personalisiert, also nur f\u00fcr die Personen, auf deren Namen<br \/>\nsie lauten und nur in Kombination mit einem amtlichen Lichtbildausweis g\u00fcltig. Daher ist auch die digitale Saisonkarte nicht \u00fcbertragbar. Kann ein Badegast zu seiner digitalen<br \/>\nSaisonkarte keinen g\u00fcltigen amtlichen Lichtbildausweis vorweisen, so gilt er als Badegast ohne g\u00fcltige Eintrittskarte.<br \/>\n5.2. F\u00fcr die Nutzung von digitalen Saisonkarten \u00fcber ein Mobiltelefon kann eine bestehende Internetverbindung notwendig sein. Fehler im Mobiltelefon-Betrieb (z.B. mangelnde<br \/>\nNetzversorgung des Mobilfunkbetreibers, leere Akkus, Hardwarefehler, Bedienungsfehler, Probleme auf Grund der Systemkonfiguration, jegliche Softwarefehler,<br \/>\nSystemabsturz, softwaretechnische Inkompatibilit\u00e4ten, Abweichung von den Systemvoraussetzungen zum Betrieb der Wallet App, Probleme beim E-Mail Empfang durch<br \/>\nunseren Partner SKIDATA etc.) liegen in jedem Fall in der Verantwortung des Badegastes und gehen daher zu dessen Lasten. Ist aufgrund derartiger Fehler der Erhalt oder<br \/>\ndas Vorweisen einer g\u00fcltigen Saisonkarte nicht m\u00f6glich, gilt diese Person als Badegast ohne g\u00fcltige Eintrittsberechtigung. Technischer Support f\u00fcr Installation und Betrieb von<br \/>\nmobilen Apps f\u00fcr den digitalen Ticketerwerb werden seitens der STW AG nicht geleistet.<br \/>\n5.3. Hinsichtlich der Bestell- und Zahlungsmodalit\u00e4ten sowie zus\u00e4tzlichen Informationen und zus\u00e4tzlichen Ben\u00fctzungsbedingungen f\u00fcr Saisonkarten, die \u00fcber den STW<br \/>\nWebshop erworben werden, gelten die AGB des STW Webshops. Auch bei digitalen Saisonkarten via Online Kauf im STW-Webshop besteht kein R\u00fccktrittsrecht und keine<br \/>\nM\u00f6glichkeit zur Kostenr\u00fcckerstattung.<\/p>\n<p><strong>Kontakt<\/strong><br \/>\nStrandbad Klagenfurt | Metnitzstrand 2 | 9020 Klagenfurt am W\u00f6rthersee T <a href=\"tel:+43664805216331\">+43 664 80521 6331<\/a> | <a href=\"mailto:strandbad.klagenfurt@stw.at\">strandbad.klagenfurt@stw.at\u00a0<\/a><\/p>\n<\/div>\n<\/div>\n<\/div>\n<\/div>\n<\/div>\n                <\/div>\n            <\/div>\n            <\/div>\n\n\n<div id=\"ep-block-spacer-block_d55277237f4ac734af5ef0f0db37e049\" class=\"ep-block-spacer ep-block \">\n            <div  class=\"show-frontend gbg-white py-0!\">\n                        <style>\n                #ep-spacer-frR3C {\n                    height: 100px;\n                }\n\n                @media (max-width: 767px) {\n                    #ep-spacer-frR3C {\n                        height: 40px;\n                    }\n                }\n\n                @media (min-width: 768px) and (max-width: 1023px) {\n                    #ep-spacer-frR3C {\n                        height: 60px;\n                    }\n                }\n            <\/style>\n            <div id=\"ep-spacer-frR3C\"><\/div>\n        <\/div>\n    <\/div>\n","protected":false},"excerpt":{"rendered":"","protected":false},"author":4,"featured_media":0,"parent":0,"menu_order":0,"comment_status":"closed","ping_status":"closed","template":"","meta":{"_acf_changed":false,"footnotes":""},"page_activity":[],"page_category":[],"class_list":["post-2116","page","type-page","status-publish","hentry"],"acf":[],"yoast_head":"<!-- This site is optimized with the Yoast SEO Premium plugin v27.5 (Yoast SEO v27.5) - https:\/\/yoast.com\/product\/yoast-seo-premium-wordpress\/ -->\n<title>Allgemeine Gesch\u00e4ftsbedingungen (AGB) - baeder.stw.at<\/title>\n<meta name=\"robots\" content=\"index, follow, max-snippet:-1, max-image-preview:large, max-video-preview:-1\" \/>\n<link rel=\"canonical\" href=\"https:\/\/baeder.stw.at\/en\/allgemeine-geschaftsbedingungen-agballgemeine\/\" \/>\n<meta property=\"og:locale\" content=\"en_US\" \/>\n<meta property=\"og:type\" content=\"article\" \/>\n<meta property=\"og:title\" content=\"Allgemeine Gesch\u00e4ftsbedingungen (AGB)\" \/>\n<meta property=\"og:url\" content=\"https:\/\/baeder.stw.at\/en\/allgemeine-geschaftsbedingungen-agballgemeine\/\" \/>\n<meta property=\"og:site_name\" content=\"baeder.stw.at\" \/>\n<meta property=\"article:publisher\" content=\"http:\/\/facebook.com\/stadtwerkeklagenfurt\" \/>\n<meta property=\"article:modified_time\" content=\"2026-03-31T07:48:19+00:00\" \/>\n<meta name=\"twitter:card\" content=\"summary_large_image\" \/>\n<script type=\"application\/ld+json\" class=\"yoast-schema-graph\">{\"@context\":\"https:\\\/\\\/schema.org\",\"@graph\":[{\"@type\":\"WebPage\",\"@id\":\"https:\\\/\\\/baeder.stw.at\\\/en\\\/allgemeine-geschaftsbedingungen-agballgemeine\\\/\",\"url\":\"https:\\\/\\\/baeder.stw.at\\\/en\\\/allgemeine-geschaftsbedingungen-agballgemeine\\\/\",\"name\":\"Allgemeine Gesch\u00e4ftsbedingungen (AGB) - baeder.stw.at\",\"isPartOf\":{\"@id\":\"https:\\\/\\\/baeder.stw.at\\\/en\\\/#website\"},\"datePublished\":\"2026-03-31T07:29:37+00:00\",\"dateModified\":\"2026-03-31T07:48:19+00:00\",\"breadcrumb\":{\"@id\":\"https:\\\/\\\/baeder.stw.at\\\/en\\\/allgemeine-geschaftsbedingungen-agballgemeine\\\/#breadcrumb\"},\"inLanguage\":\"en-US\",\"potentialAction\":[{\"@type\":\"ReadAction\",\"target\":[\"https:\\\/\\\/baeder.stw.at\\\/en\\\/allgemeine-geschaftsbedingungen-agballgemeine\\\/\"]}]},{\"@type\":\"BreadcrumbList\",\"@id\":\"https:\\\/\\\/baeder.stw.at\\\/en\\\/allgemeine-geschaftsbedingungen-agballgemeine\\\/#breadcrumb\",\"itemListElement\":[{\"@type\":\"ListItem\",\"position\":1,\"name\":\"Home\",\"item\":\"https:\\\/\\\/baeder.stw.at\\\/en\\\/\"},{\"@type\":\"ListItem\",\"position\":2,\"name\":\"Allgemeine Gesch\u00e4ftsbedingungen (AGB)\"}]},{\"@type\":\"WebSite\",\"@id\":\"https:\\\/\\\/baeder.stw.at\\\/en\\\/#website\",\"url\":\"https:\\\/\\\/baeder.stw.at\\\/en\\\/\",\"name\":\"baeder.stw.at\",\"description\":\"\",\"publisher\":{\"@id\":\"https:\\\/\\\/baeder.stw.at\\\/en\\\/#organization\"},\"potentialAction\":[{\"@type\":\"SearchAction\",\"target\":{\"@type\":\"EntryPoint\",\"urlTemplate\":\"https:\\\/\\\/baeder.stw.at\\\/en\\\/?s={search_term_string}\"},\"query-input\":{\"@type\":\"PropertyValueSpecification\",\"valueRequired\":true,\"valueName\":\"search_term_string\"}}],\"inLanguage\":\"en-US\"},{\"@type\":\"Organization\",\"@id\":\"https:\\\/\\\/baeder.stw.at\\\/en\\\/#organization\",\"name\":\"Stadtwerke Klagenfurt AG\",\"url\":\"https:\\\/\\\/baeder.stw.at\\\/en\\\/\",\"logo\":{\"@type\":\"ImageObject\",\"inLanguage\":\"en-US\",\"@id\":\"https:\\\/\\\/baeder.stw.at\\\/en\\\/#\\\/schema\\\/logo\\\/image\\\/\",\"url\":\"https:\\\/\\\/baeder.stw.at\\\/wp-content\\\/uploads\\\/2026\\\/01\\\/strandbad-logo.png\",\"contentUrl\":\"https:\\\/\\\/baeder.stw.at\\\/wp-content\\\/uploads\\\/2026\\\/01\\\/strandbad-logo.png\",\"width\":183,\"height\":48,\"caption\":\"Stadtwerke Klagenfurt AG\"},\"image\":{\"@id\":\"https:\\\/\\\/baeder.stw.at\\\/en\\\/#\\\/schema\\\/logo\\\/image\\\/\"},\"sameAs\":[\"http:\\\/\\\/facebook.com\\\/stadtwerkeklagenfurt\",\"http:\\\/\\\/instagram.com\\\/stadtwerkeklagenfurt\\\/\"]}]}<\/script>\n<!-- \/ Yoast SEO Premium plugin. -->","yoast_head_json":{"title":"Allgemeine Gesch\u00e4ftsbedingungen (AGB) - baeder.stw.at","robots":{"index":"index","follow":"follow","max-snippet":"max-snippet:-1","max-image-preview":"max-image-preview:large","max-video-preview":"max-video-preview:-1"},"canonical":"https:\/\/baeder.stw.at\/en\/allgemeine-geschaftsbedingungen-agballgemeine\/","og_locale":"en_US","og_type":"article","og_title":"Allgemeine Gesch\u00e4ftsbedingungen (AGB)","og_url":"https:\/\/baeder.stw.at\/en\/allgemeine-geschaftsbedingungen-agballgemeine\/","og_site_name":"baeder.stw.at","article_publisher":"http:\/\/facebook.com\/stadtwerkeklagenfurt","article_modified_time":"2026-03-31T07:48:19+00:00","twitter_card":"summary_large_image","schema":{"@context":"https:\/\/schema.org","@graph":[{"@type":"WebPage","@id":"https:\/\/baeder.stw.at\/en\/allgemeine-geschaftsbedingungen-agballgemeine\/","url":"https:\/\/baeder.stw.at\/en\/allgemeine-geschaftsbedingungen-agballgemeine\/","name":"Allgemeine Gesch\u00e4ftsbedingungen (AGB) - baeder.stw.at","isPartOf":{"@id":"https:\/\/baeder.stw.at\/en\/#website"},"datePublished":"2026-03-31T07:29:37+00:00","dateModified":"2026-03-31T07:48:19+00:00","breadcrumb":{"@id":"https:\/\/baeder.stw.at\/en\/allgemeine-geschaftsbedingungen-agballgemeine\/#breadcrumb"},"inLanguage":"en-US","potentialAction":[{"@type":"ReadAction","target":["https:\/\/baeder.stw.at\/en\/allgemeine-geschaftsbedingungen-agballgemeine\/"]}]},{"@type":"BreadcrumbList","@id":"https:\/\/baeder.stw.at\/en\/allgemeine-geschaftsbedingungen-agballgemeine\/#breadcrumb","itemListElement":[{"@type":"ListItem","position":1,"name":"Home","item":"https:\/\/baeder.stw.at\/en\/"},{"@type":"ListItem","position":2,"name":"Allgemeine Gesch\u00e4ftsbedingungen (AGB)"}]},{"@type":"WebSite","@id":"https:\/\/baeder.stw.at\/en\/#website","url":"https:\/\/baeder.stw.at\/en\/","name":"baeder.stw.at","description":"","publisher":{"@id":"https:\/\/baeder.stw.at\/en\/#organization"},"potentialAction":[{"@type":"SearchAction","target":{"@type":"EntryPoint","urlTemplate":"https:\/\/baeder.stw.at\/en\/?s={search_term_string}"},"query-input":{"@type":"PropertyValueSpecification","valueRequired":true,"valueName":"search_term_string"}}],"inLanguage":"en-US"},{"@type":"Organization","@id":"https:\/\/baeder.stw.at\/en\/#organization","name":"Stadtwerke Klagenfurt AG","url":"https:\/\/baeder.stw.at\/en\/","logo":{"@type":"ImageObject","inLanguage":"en-US","@id":"https:\/\/baeder.stw.at\/en\/#\/schema\/logo\/image\/","url":"https:\/\/baeder.stw.at\/wp-content\/uploads\/2026\/01\/strandbad-logo.png","contentUrl":"https:\/\/baeder.stw.at\/wp-content\/uploads\/2026\/01\/strandbad-logo.png","width":183,"height":48,"caption":"Stadtwerke Klagenfurt AG"},"image":{"@id":"https:\/\/baeder.stw.at\/en\/#\/schema\/logo\/image\/"},"sameAs":["http:\/\/facebook.com\/stadtwerkeklagenfurt","http:\/\/instagram.com\/stadtwerkeklagenfurt\/"]}]}},"_links":{"self":[{"href":"https:\/\/baeder.stw.at\/en\/wp-json\/wp\/v2\/pages\/2116","targetHints":{"allow":["GET"]}}],"collection":[{"href":"https:\/\/baeder.stw.at\/en\/wp-json\/wp\/v2\/pages"}],"about":[{"href":"https:\/\/baeder.stw.at\/en\/wp-json\/wp\/v2\/types\/page"}],"author":[{"embeddable":true,"href":"https:\/\/baeder.stw.at\/en\/wp-json\/wp\/v2\/users\/4"}],"replies":[{"embeddable":true,"href":"https:\/\/baeder.stw.at\/en\/wp-json\/wp\/v2\/comments?post=2116"}],"version-history":[{"count":4,"href":"https:\/\/baeder.stw.at\/en\/wp-json\/wp\/v2\/pages\/2116\/revisions"}],"predecessor-version":[{"id":2135,"href":"https:\/\/baeder.stw.at\/en\/wp-json\/wp\/v2\/pages\/2116\/revisions\/2135"}],"wp:attachment":[{"href":"https:\/\/baeder.stw.at\/en\/wp-json\/wp\/v2\/media?parent=2116"}],"wp:term":[{"taxonomy":"page_activity","embeddable":true,"href":"https:\/\/baeder.stw.at\/en\/wp-json\/wp\/v2\/page_activity?post=2116"},{"taxonomy":"page_category","embeddable":true,"href":"https:\/\/baeder.stw.at\/en\/wp-json\/wp\/v2\/page_category?post=2116"}],"curies":[{"name":"wp","href":"https:\/\/api.w.org\/{rel}","templated":true}]}}