{"id":2922,"date":"2026-04-29T11:05:54","date_gmt":"2026-04-29T09:05:54","guid":{"rendered":"https:\/\/baeder.stw.at\/?page_id=2922"},"modified":"2026-04-29T11:05:55","modified_gmt":"2026-04-29T09:05:55","slug":"impressum","status":"publish","type":"page","link":"https:\/\/baeder.stw.at\/en\/impressum\/","title":{"rendered":"Impressum"},"content":{"rendered":"<div id=\"ep-block-spacer-block_c2d6bbf548bdc8e951fbc37a986a9cd0\" class=\"ep-block-spacer ep-block \">\n            <div  class=\"show-frontend gbg-white py-0!\">\n                        <style>\n                #ep-spacer-RnT60 {\n                    height: 100px;\n                }\n\n                @media (max-width: 767px) {\n                    #ep-spacer-RnT60 {\n                        height: 40px;\n                    }\n                }\n\n                @media (min-width: 768px) and (max-width: 1023px) {\n                    #ep-spacer-RnT60 {\n                        height: 60px;\n                    }\n                }\n            <\/style>\n            <div id=\"ep-spacer-RnT60\"><\/div>\n        <\/div>\n    <\/div>\n\n\n<div id=\"ep-wysiwyg-block_18741cd8f96a073ac0809fef1f5036d0\" class=\"ep-wysiwyg ep-block \">\n                        <div class=\"show-frontend gbg-white\">\n                <div class=\"ep-inner\">\n                    <div class=\"text  ep-wysiwyg-styles\"><h1>Impressum<\/h1>\n<p>Angaben zur Stadtwerke Klagenfurt AG gem\u00e4\u00df ECG \u00a7 5 Abs. 1 bzw. Offenlegung gem\u00e4\u00df \u00a7\u00a724 und 25<\/p>\n<p>Mediengesetz:<br \/>\nMedieninhaber und Herausgeber der Website: www.stw.at<\/p>\n<p>Firmenwortlaut<\/p>\n<p>Stadtwerke Klagenfurt AG<br \/>\nSt. Veiter Stra\u00dfe 31<br \/>\n9020 Klagenfurt am W\u00f6rthersee<br \/>\nT: +43 463 521 0<br \/>\noffice@stw.at<\/p>\n<p>Firmenbuchnummer: FN 199234t<br \/>\nFirmenbuchgericht: Landesgericht Klagenfurt<br \/>\nUID-Nr.: ATU 50029507<br \/>\nUnternehmenssitz: Klagenfurt am W\u00f6rthersee<\/p>\n<p>F\u00fcr Fragen zu unseren Produkten und Dienstleistungen wenden Sie sich bitte an unseren Kundenservice:<br \/>\nT: +43 463 521 880<br \/>\nServiceCenter@stw.at<br \/>\nDatenschutzbeauftragte(r) der Stadtwerke Klagenfurt AG<\/p>\n<p>\u00dcber datenschutz@stw.at erreichen Sie unser Datenschutz-Team und k\u00f6nnen direkt Ihr konkretes Anliegen an uns \u00fcbermitteln.<br \/>\nUnternehmensgegenstand<\/p>\n<p>Die Stadtwerke Klagenfurt AG ist der kommunale Versorger der Landeshauptstadt und bietet Produkte und Dienstleistungen aus den Bereichen Strom, Gas, Wasser, Fernw\u00e4rme, Telekommunikation, Mobilit\u00e4t, Freizeiteinrichtungen (Hallenbad, Strandb\u00e4der, Fitnessstudio), Bestattung und Au\u00dfenwerbung an.<br \/>\nBankverbindung<\/p>\n<p>Austrian Anadi Bank AG<br \/>\nKonto: 1342878, BLZ: 52000<br \/>\nIBAN: AT26 5200 0000 0134 2878<br \/>\nBIC: HAABAT2K<br \/>\nAnwendbare Rechtsvorschriften<\/p>\n<p>Elektrizit\u00e4tswirtschafts- und -organisationsgesetz<br \/>\nK\u00e4rntner Elektrizit\u00e4tswirtschafts- und -organisationsgesetz<br \/>\nGaswirtschaftsgesetz<br \/>\nHeizkostenabrechnungsgesetz<\/p>\n<p>Die angef\u00fchrten Rechtsvorschriften sind \u00fcber das Rechtsinformationssystem des Bundeskanzleramtes online unter www.ris.bka.gv.at abrufbar.<\/p>\n<p>Aufsichtsbeh\u00f6rden<\/p>\n<p>Amt der K\u00e4rntner Landesregierung www.ktn.gv.at<br \/>\nEnergie-Control Austria www.e-control.at<br \/>\nRechnungshof www.rechnungshof.gv.at<\/p>\n<p>Berufsverb\u00e4nde<\/p>\n<p>WKK Wirtschaftskammer K\u00e4rnten www.wko.at<br \/>\nOEE \u00d6sterreichs Energie www.oesterreichsenergie.at<br \/>\n\u00d6VWG \u00d6sterreichs Vereinigung f\u00fcr das Gas- und Wasserfach www.ovgw.at<br \/>\nVK\u00d6 Verband der \u00f6ffentlichen Wirtschaft und Gemeinwirtschaft \u00d6sterreichs www.vkoe.at<\/p>\n<p>Gewerberechtliche Vorschriften<\/p>\n<p>WKO Wirtschaftskammer \u00d6sterreich www.wko.at<br \/>\nWKK Wirtschaftskammer K\u00e4rnten www.wko.at<\/p>\n<p>Angaben zur Online-Streitbeilegung<\/p>\n<p>Online-Streitbeilegungsplattform der Europ\u00e4ischen Kommision<br \/>\n\u201eBlattlinie\u201c<br \/>\nRichtung der Webseite bzw. der Newsletter<\/p>\n<p>Die Website, der Webshop und die Bonuswelt sowie die auf diesen Websites beziehbaren kostenlosen Newsletter dienen der Information und dem Verkauf der Produkte, Dienstleistungen und Angebote der Stadtwerke Klagenfurt AG und ihrer Tochtergesellschaften.<br \/>\nCopyright<\/p>\n<p>Alle Inhalte dieser Website sind urheberrechtlich gesch\u00fctzt. Die Verwendung von Daten dieser Website (Texte, Bilder, Videos, etc) \u2013 vollst\u00e4ndig oder auszugsweise \u2013 in irgendeiner Form, sind nur mit vorheriger ausdr\u00fccklicher schriftlicher Genehmigung der Stadtwerke Klagenfurt AG gestattet.<br \/>\nHaftung<\/p>\n<p>Die Stadtwerke Klagenfurt AG \u00fcbernimmt keine Gew\u00e4hr f\u00fcr die auf dieser Webseite ver\u00f6ffentlichten Inhalte. Alle Angaben bez\u00fcglich Zahlen, Daten, Preisen usw. sind ohne Gew\u00e4hr. Irrt\u00fcmer und Schreibfehler sind vorbehalten. Das Recht auf \u00c4nderungen und Erg\u00e4nzungen der bereitgestellten Informationen, ohne vorhergegangene Ank\u00fcndigung, beh\u00e4lt sich die Stadtwerke Klagenfurt AG vor.<br \/>\nExterne Links<\/p>\n<p>Diese Webseite enth\u00e4lt Links zu externen Webseiten Dritter, auf deren Inhalte wir keinen Einfluss haben. Deshalb k\u00f6nnen wir f\u00fcr diese fremden Inhalte auch keine Gew\u00e4hr \u00fcbernehmen. F\u00fcr die Inhalte der verlinkten Seiten ist stets der jeweilige Anbieter oder Betreiber der Seiten verantwortlich.<\/p>\n<\/div>\n                <\/div>\n            <\/div>\n            <\/div>\n\n\n<div id=\"ep-block-spacer-block_c2d6bbf548bdc8e951fbc37a986a9cd0\" class=\"ep-block-spacer ep-block \">\n            <div  class=\"show-frontend gbg-white py-0!\">\n                        <style>\n                #ep-spacer-oi5aT {\n                    height: 100px;\n                }\n\n                @media (max-width: 767px) {\n                    #ep-spacer-oi5aT {\n                        height: 40px;\n                    }\n                }\n\n                @media (min-width: 768px) and (max-width: 1023px) {\n                    #ep-spacer-oi5aT {\n                        height: 60px;\n                    }\n                }\n            <\/style>\n            <div id=\"ep-spacer-oi5aT\"><\/div>\n        <\/div>\n    <\/div>\n","protected":false},"excerpt":{"rendered":"","protected":false},"author":4,"featured_media":0,"parent":0,"menu_order":0,"comment_status":"closed","ping_status":"closed","template":"","meta":{"_acf_changed":false,"footnotes":""},"page_activity":[],"page_category":[],"class_list":["post-2922","page","type-page","status-publish","hentry"],"acf":[],"yoast_head":"<!-- This site is optimized with the Yoast SEO Premium plugin v27.5 (Yoast SEO v27.5) - https:\/\/yoast.com\/product\/yoast-seo-premium-wordpress\/ -->\n<title>Impressum - baeder.stw.at<\/title>\n<meta name=\"robots\" content=\"index, follow, max-snippet:-1, max-image-preview:large, max-video-preview:-1\" \/>\n<link rel=\"canonical\" href=\"https:\/\/baeder.stw.at\/en\/impressum\/\" \/>\n<meta property=\"og:locale\" content=\"en_US\" \/>\n<meta property=\"og:type\" content=\"article\" \/>\n<meta property=\"og:title\" content=\"Impressum\" \/>\n<meta property=\"og:url\" content=\"https:\/\/baeder.stw.at\/en\/impressum\/\" \/>\n<meta property=\"og:site_name\" content=\"baeder.stw.at\" \/>\n<meta property=\"article:publisher\" content=\"http:\/\/facebook.com\/stadtwerkeklagenfurt\" \/>\n<meta property=\"article:modified_time\" content=\"2026-04-29T09:05:55+00:00\" \/>\n<meta name=\"twitter:card\" content=\"summary_large_image\" \/>\n<script type=\"application\/ld+json\" class=\"yoast-schema-graph\">{\"@context\":\"https:\\\/\\\/schema.org\",\"@graph\":[{\"@type\":\"WebPage\",\"@id\":\"https:\\\/\\\/baeder.stw.at\\\/en\\\/impressum\\\/\",\"url\":\"https:\\\/\\\/baeder.stw.at\\\/en\\\/impressum\\\/\",\"name\":\"Impressum - baeder.stw.at\",\"isPartOf\":{\"@id\":\"https:\\\/\\\/baeder.stw.at\\\/en\\\/#website\"},\"datePublished\":\"2026-04-29T09:05:54+00:00\",\"dateModified\":\"2026-04-29T09:05:55+00:00\",\"breadcrumb\":{\"@id\":\"https:\\\/\\\/baeder.stw.at\\\/en\\\/impressum\\\/#breadcrumb\"},\"inLanguage\":\"en-US\",\"potentialAction\":[{\"@type\":\"ReadAction\",\"target\":[\"https:\\\/\\\/baeder.stw.at\\\/en\\\/impressum\\\/\"]}]},{\"@type\":\"BreadcrumbList\",\"@id\":\"https:\\\/\\\/baeder.stw.at\\\/en\\\/impressum\\\/#breadcrumb\",\"itemListElement\":[{\"@type\":\"ListItem\",\"position\":1,\"name\":\"Home\",\"item\":\"https:\\\/\\\/baeder.stw.at\\\/en\\\/\"},{\"@type\":\"ListItem\",\"position\":2,\"name\":\"Impressum\"}]},{\"@type\":\"WebSite\",\"@id\":\"https:\\\/\\\/baeder.stw.at\\\/en\\\/#website\",\"url\":\"https:\\\/\\\/baeder.stw.at\\\/en\\\/\",\"name\":\"baeder.stw.at\",\"description\":\"\",\"publisher\":{\"@id\":\"https:\\\/\\\/baeder.stw.at\\\/en\\\/#organization\"},\"potentialAction\":[{\"@type\":\"SearchAction\",\"target\":{\"@type\":\"EntryPoint\",\"urlTemplate\":\"https:\\\/\\\/baeder.stw.at\\\/en\\\/?s={search_term_string}\"},\"query-input\":{\"@type\":\"PropertyValueSpecification\",\"valueRequired\":true,\"valueName\":\"search_term_string\"}}],\"inLanguage\":\"en-US\"},{\"@type\":\"Organization\",\"@id\":\"https:\\\/\\\/baeder.stw.at\\\/en\\\/#organization\",\"name\":\"Stadtwerke Klagenfurt AG\",\"url\":\"https:\\\/\\\/baeder.stw.at\\\/en\\\/\",\"logo\":{\"@type\":\"ImageObject\",\"inLanguage\":\"en-US\",\"@id\":\"https:\\\/\\\/baeder.stw.at\\\/en\\\/#\\\/schema\\\/logo\\\/image\\\/\",\"url\":\"https:\\\/\\\/baeder.stw.at\\\/wp-content\\\/uploads\\\/2026\\\/01\\\/strandbad-logo.png\",\"contentUrl\":\"https:\\\/\\\/baeder.stw.at\\\/wp-content\\\/uploads\\\/2026\\\/01\\\/strandbad-logo.png\",\"width\":183,\"height\":48,\"caption\":\"Stadtwerke Klagenfurt AG\"},\"image\":{\"@id\":\"https:\\\/\\\/baeder.stw.at\\\/en\\\/#\\\/schema\\\/logo\\\/image\\\/\"},\"sameAs\":[\"http:\\\/\\\/facebook.com\\\/stadtwerkeklagenfurt\",\"http:\\\/\\\/instagram.com\\\/stadtwerkeklagenfurt\\\/\"]}]}<\/script>\n<!-- \/ Yoast SEO Premium plugin. -->","yoast_head_json":{"title":"Impressum - baeder.stw.at","robots":{"index":"index","follow":"follow","max-snippet":"max-snippet:-1","max-image-preview":"max-image-preview:large","max-video-preview":"max-video-preview:-1"},"canonical":"https:\/\/baeder.stw.at\/en\/impressum\/","og_locale":"en_US","og_type":"article","og_title":"Impressum","og_url":"https:\/\/baeder.stw.at\/en\/impressum\/","og_site_name":"baeder.stw.at","article_publisher":"http:\/\/facebook.com\/stadtwerkeklagenfurt","article_modified_time":"2026-04-29T09:05:55+00:00","twitter_card":"summary_large_image","schema":{"@context":"https:\/\/schema.org","@graph":[{"@type":"WebPage","@id":"https:\/\/baeder.stw.at\/en\/impressum\/","url":"https:\/\/baeder.stw.at\/en\/impressum\/","name":"Impressum - baeder.stw.at","isPartOf":{"@id":"https:\/\/baeder.stw.at\/en\/#website"},"datePublished":"2026-04-29T09:05:54+00:00","dateModified":"2026-04-29T09:05:55+00:00","breadcrumb":{"@id":"https:\/\/baeder.stw.at\/en\/impressum\/#breadcrumb"},"inLanguage":"en-US","potentialAction":[{"@type":"ReadAction","target":["https:\/\/baeder.stw.at\/en\/impressum\/"]}]},{"@type":"BreadcrumbList","@id":"https:\/\/baeder.stw.at\/en\/impressum\/#breadcrumb","itemListElement":[{"@type":"ListItem","position":1,"name":"Home","item":"https:\/\/baeder.stw.at\/en\/"},{"@type":"ListItem","position":2,"name":"Impressum"}]},{"@type":"WebSite","@id":"https:\/\/baeder.stw.at\/en\/#website","url":"https:\/\/baeder.stw.at\/en\/","name":"baeder.stw.at","description":"","publisher":{"@id":"https:\/\/baeder.stw.at\/en\/#organization"},"potentialAction":[{"@type":"SearchAction","target":{"@type":"EntryPoint","urlTemplate":"https:\/\/baeder.stw.at\/en\/?s={search_term_string}"},"query-input":{"@type":"PropertyValueSpecification","valueRequired":true,"valueName":"search_term_string"}}],"inLanguage":"en-US"},{"@type":"Organization","@id":"https:\/\/baeder.stw.at\/en\/#organization","name":"Stadtwerke Klagenfurt AG","url":"https:\/\/baeder.stw.at\/en\/","logo":{"@type":"ImageObject","inLanguage":"en-US","@id":"https:\/\/baeder.stw.at\/en\/#\/schema\/logo\/image\/","url":"https:\/\/baeder.stw.at\/wp-content\/uploads\/2026\/01\/strandbad-logo.png","contentUrl":"https:\/\/baeder.stw.at\/wp-content\/uploads\/2026\/01\/strandbad-logo.png","width":183,"height":48,"caption":"Stadtwerke Klagenfurt AG"},"image":{"@id":"https:\/\/baeder.stw.at\/en\/#\/schema\/logo\/image\/"},"sameAs":["http:\/\/facebook.com\/stadtwerkeklagenfurt","http:\/\/instagram.com\/stadtwerkeklagenfurt\/"]}]}},"_links":{"self":[{"href":"https:\/\/baeder.stw.at\/en\/wp-json\/wp\/v2\/pages\/2922","targetHints":{"allow":["GET"]}}],"collection":[{"href":"https:\/\/baeder.stw.at\/en\/wp-json\/wp\/v2\/pages"}],"about":[{"href":"https:\/\/baeder.stw.at\/en\/wp-json\/wp\/v2\/types\/page"}],"author":[{"embeddable":true,"href":"https:\/\/baeder.stw.at\/en\/wp-json\/wp\/v2\/users\/4"}],"replies":[{"embeddable":true,"href":"https:\/\/baeder.stw.at\/en\/wp-json\/wp\/v2\/comments?post=2922"}],"version-history":[{"count":1,"href":"https:\/\/baeder.stw.at\/en\/wp-json\/wp\/v2\/pages\/2922\/revisions"}],"predecessor-version":[{"id":2923,"href":"https:\/\/baeder.stw.at\/en\/wp-json\/wp\/v2\/pages\/2922\/revisions\/2923"}],"wp:attachment":[{"href":"https:\/\/baeder.stw.at\/en\/wp-json\/wp\/v2\/media?parent=2922"}],"wp:term":[{"taxonomy":"page_activity","embeddable":true,"href":"https:\/\/baeder.stw.at\/en\/wp-json\/wp\/v2\/page_activity?post=2922"},{"taxonomy":"page_category","embeddable":true,"href":"https:\/\/baeder.stw.at\/en\/wp-json\/wp\/v2\/page_category?post=2922"}],"curies":[{"name":"wp","href":"https:\/\/api.w.org\/{rel}","templated":true}]}}